{"id":765,"date":"2021-09-07T14:16:02","date_gmt":"2021-09-07T12:16:02","guid":{"rendered":"http:\/\/www.speed-services-lausanne.ch\/?page_id=765"},"modified":"2022-01-17T17:07:57","modified_gmt":"2022-01-17T16:07:57","slug":"a-propos","status":"publish","type":"page","link":"https:\/\/www.speed-services-lausanne.ch\/index.php\/a-propos\/","title":{"rendered":"A propos"},"content":{"rendered":"\t\t<div data-elementor-type=\"wp-post\" data-elementor-id=\"765\" class=\"elementor elementor-765\" data-elementor-settings=\"[]\">\n\t\t\t\t\t\t\t<div class=\"elementor-section-wrap\">\n\t\t\t\t\t\t\t<section class=\"elementor-section elementor-top-section elementor-element elementor-element-ba18039 elementor-section-content-bottom elementor-section-boxed elementor-section-height-default elementor-section-height-default\" data-id=\"ba18039\" data-element_type=\"section\" data-settings=\"{&quot;background_background&quot;:&quot;classic&quot;}\">\n\t\t\t\t\t\t\t<div class=\"elementor-background-overlay\"><\/div>\n\t\t\t\t\t\t\t<div class=\"elementor-container elementor-column-gap-no\">\n\t\t\t\t\t<div class=\"elementor-column elementor-col-100 elementor-top-column elementor-element elementor-element-f4fe14c\" data-id=\"f4fe14c\" data-element_type=\"column\">\n\t\t\t<div class=\"elementor-widget-wrap elementor-element-populated\">\n\t\t\t\t\t\t\t\t<div class=\"elementor-element elementor-element-08960a8 elementor-widget elementor-widget-heading\" data-id=\"08960a8\" data-element_type=\"widget\" data-widget_type=\"heading.default\">\n\t\t\t\t<div class=\"elementor-widget-container\">\n\t\t\t<h1 class=\"elementor-heading-title elementor-size-default\">a propos<\/h1>\t\t<\/div>\n\t\t\t\t<\/div>\n\t\t\t\t\t<\/div>\n\t\t<\/div>\n\t\t\t\t\t\t\t<\/div>\n\t\t<\/section>\n\t\t\t\t<section class=\"elementor-section elementor-top-section elementor-element elementor-element-25205b2 elementor-section-boxed elementor-section-height-default elementor-section-height-default\" data-id=\"25205b2\" data-element_type=\"section\">\n\t\t\t\t\t\t<div class=\"elementor-container elementor-column-gap-no\">\n\t\t\t\t\t<div class=\"elementor-column elementor-col-100 elementor-top-column elementor-element elementor-element-c2f159c\" data-id=\"c2f159c\" data-element_type=\"column\">\n\t\t\t<div class=\"elementor-widget-wrap elementor-element-populated\">\n\t\t\t\t\t\t\t\t<div class=\"elementor-element elementor-element-fc4c6d4 elementor-widget elementor-widget-heading\" data-id=\"fc4c6d4\" data-element_type=\"widget\" data-widget_type=\"heading.default\">\n\t\t\t\t<div class=\"elementor-widget-container\">\n\t\t\t<h6 class=\"elementor-heading-title elementor-size-default\">apprenez en plus sur nous !<\/h6>\t\t<\/div>\n\t\t\t\t<\/div>\n\t\t\t\t<div class=\"elementor-element elementor-element-508f649 elementor-widget elementor-widget-heading\" data-id=\"508f649\" data-element_type=\"widget\" data-widget_type=\"heading.default\">\n\t\t\t\t<div class=\"elementor-widget-container\">\n\t\t\t<h2 class=\"elementor-heading-title elementor-size-default\">Speed services<\/h2>\t\t<\/div>\n\t\t\t\t<\/div>\n\t\t\t\t<div class=\"elementor-element elementor-element-0fa97ad elementor-widget elementor-widget-text-editor\" data-id=\"0fa97ad\" data-element_type=\"widget\" data-widget_type=\"text-editor.default\">\n\t\t\t\t<div class=\"elementor-widget-container\">\n\t\t\t\t\t\t\t<p class=\"x_MsoNormal\">Speed-Services-Lausanne, ce sont des prestations excellentes et rapides, \u00e0 des tarifs raisonnables, fournies par des professionnels form\u00e9s, pour des motocycles de <b>TOUTES MARQUES<\/b>. Vous y trouvez \u00e9galement un shop, avec du mat\u00e9riel, des produits et des pi\u00e8ces\u00a0: pneus, kits complets pour ce qui a trait au freinage, batteries, lubrifiants, liquide, batteries, etc. et des motos d\u2019occasion.<\/p><p class=\"x_MsoNormal\">Speed-Services-Lausanne, c\u2019est avant tout <b>Mario Carapinheira<\/b>, le boss du garage moto. D\u00e8s sa naissance en janvier 1969, il tombe dans la marmite de la m\u00e9canique. Tout gosse, ses jouets sont d\u00e9mont\u00e9s et remont\u00e9s. Son p\u00e8re, motard, l\u2019encourage et l\u2019accompagne dans cette passion de la m\u00e9canique et de la moto. A 12 ans, apr\u00e8s l\u2019\u00e9cole obligatoire, Mario d\u00e9but un apprentissage de m\u00e9canicien au Portugal. Dans ce garage qui l\u2019accueille, la passion du deux-roues et de la m\u00e9canique est partout. A 14 ans, il commence, en parall\u00e8le, \u00e0 faire du motocross. Tr\u00e8s vite, lors des courses, il se place dans les meilleurs.<\/p><p class=\"x_MsoNormal\">Il arrive en Suisse en 1988 et d\u00e9bute comme m\u00e9cano dans un garage pour tracteurs. Puis, c\u2019est \u00e0 Rolle qu\u2019il continue son parcours, dans l\u2019antre Ford de Christian Jaquillard, pilote suisse, engag\u00e9 en rallyes automobiles. Il y reste jusqu\u2019en 1999.<\/p><p class=\"x_MsoNormal\">Passionn\u00e9 de deux-roues, il poursuit son chemin chez Chuard Motos S\u00e0rl, garage BMW, \u00e0 Gen\u00e8ve, ce qui lui permet de se sp\u00e9cialiser sur la marque. Dans le m\u00eame temps, il rencontre la charmante Edna \u00e0 Gen\u00e8ve, qui deviendra son \u00e9pouse en 2000. \u00a0<\/p><p class=\"x_MsoNormal\">Toujours avec l\u2019envie de partager sa passion et ses r\u00eaves, Mario pose ses valises \u00e0 Lausanne en 2017 et reprend Speed Services, \u00e0 l\u2019avenue de Morges 44 \u00e0 Lausanne. Afin de l\u00e9gitimer ses connaissances acquises et dans le but d\u2019obtenir l\u2019\u00e9quivalence de sa formation de m\u00e9canicien au Portugal, Mario suit une formation en Suisse, passe les examens exig\u00e9s et obtient, le <b>1<sup>er<\/sup> septembre 2017<\/b>, son <b>Certificat f\u00e9d\u00e9ral de capacit\u00e9 de m\u00e9canicien en motocycles<\/b>. Pour y parvenir, il a pu compter sur l\u2019aide pr\u00e9cieuse de Monsieur Cornaton de l\u2019EPSIC \u00e0 Lausanne pour enrichir ses capacit\u00e9s th\u00e9oriques. En 2018, il devient \u00e9galement officiellement <b>formateur pour apprenti-e<\/b>.<\/p><p class=\"x_MsoNormal\">Chez Speed-Services-Lausanne, le moteur c\u2019est Mario. Il vous met \u00e0 l\u2019aise d\u00e8s la premi\u00e8re visite. Souriant et avenant, il permet \u00e0 ses client-e-s de repartir content-e-s et sait les fid\u00e9liser. Son humour est l\u00e9gendaire et sa g\u00e9n\u00e9rosit\u00e9 fait partie int\u00e9grante de l\u2019homme qu\u2019il est. Au garage, il s\u2019entoure des meilleurs\u00a0:<\/p><p class=\"x_MsoNormal\"><b>Edna<\/b>, sa fantastique assistante polyvalente, c\u2019est le soleil du garage. Son sourire est un accueil \u00e0 lui tout seul, et sa gentillesse fait l\u2019unanimit\u00e9. Que serait Mario sans Edna\u00a0?\u00a0\ud83d\ude09<\/p><p class=\"x_MsoNormal\">Puis, si vous entrez plus en avant, vous verrez <b>Chris Kr\u00fccken<\/b>, m\u00e9canicien sp\u00e9cialis\u00e9 BMW hors pair, avec d\u2019excellentes connaissances, arriv\u00e9 le 1<sup>er<\/sup> septembre 2021.<\/p><p class=\"x_MsoNormal\">Un-e <b>apprenti-e<\/b> vient \u00e9galement compl\u00e9ter cette fine \u00e9quipe.<\/p><p class=\"x_MsoNormal\">Bienvenue chez Speed-Services-Lausanne\u00a0!<\/p>\t\t\t\t\t\t<\/div>\n\t\t\t\t<\/div>\n\t\t\t\t\t<\/div>\n\t\t<\/div>\n\t\t\t\t\t\t\t<\/div>\n\t\t<\/section>\n\t\t\t\t<section class=\"elementor-section elementor-top-section elementor-element elementor-element-8f619f5 elementor-section-boxed elementor-section-height-default elementor-section-height-default\" data-id=\"8f619f5\" data-element_type=\"section\">\n\t\t\t\t\t\t<div class=\"elementor-container elementor-column-gap-no\">\n\t\t\t\t\t<div class=\"elementor-column elementor-col-100 elementor-top-column elementor-element elementor-element-0ef718c\" data-id=\"0ef718c\" data-element_type=\"column\" data-settings=\"{&quot;background_background&quot;:&quot;classic&quot;}\">\n\t\t\t<div class=\"elementor-widget-wrap elementor-element-populated\">\n\t\t\t\t\t\t\t\t<div class=\"elementor-element elementor-element-e5a1485 elementor-widget elementor-widget-image\" data-id=\"e5a1485\" data-element_type=\"widget\" data-widget_type=\"image.default\">\n\t\t\t\t<div class=\"elementor-widget-container\">\n\t\t\t\t\t\t\t\t\t\t\t\t\t\t\t<img width=\"768\" height=\"425\" src=\"https:\/\/www.speed-services-lausanne.ch\/wp-content\/uploads\/2022\/01\/2022-01-07-13.05.22-768x425.jpg\" class=\"attachment-medium_large size-medium_large\" alt=\"\" loading=\"lazy\" \/>\t\t\t\t\t\t\t\t\t\t\t\t\t\t\t<\/div>\n\t\t\t\t<\/div>\n\t\t\t\t<div class=\"elementor-element elementor-element-eea5527 elementor-widget elementor-widget-spacer\" data-id=\"eea5527\" data-element_type=\"widget\" data-widget_type=\"spacer.default\">\n\t\t\t\t<div class=\"elementor-widget-container\">\n\t\t\t\t\t<div class=\"elementor-spacer\">\n\t\t\t<div class=\"elementor-spacer-inner\"><\/div>\n\t\t<\/div>\n\t\t\t\t<\/div>\n\t\t\t\t<\/div>\n\t\t\t\t\t<\/div>\n\t\t<\/div>\n\t\t\t\t\t\t\t<\/div>\n\t\t<\/section>\n\t\t\t\t<section class=\"elementor-section elementor-top-section elementor-element elementor-element-d924537 elementor-section-boxed elementor-section-height-default elementor-section-height-default\" data-id=\"d924537\" data-element_type=\"section\">\n\t\t\t\t\t\t<div class=\"elementor-container elementor-column-gap-default\">\n\t\t\t\t\t<div class=\"elementor-column elementor-col-100 elementor-top-column elementor-element elementor-element-706e79e\" data-id=\"706e79e\" data-element_type=\"column\">\n\t\t\t<div class=\"elementor-widget-wrap\">\n\t\t\t\t\t\t\t\t\t<\/div>\n\t\t<\/div>\n\t\t\t\t\t\t\t<\/div>\n\t\t<\/section>\n\t\t\t\t<section class=\"elementor-section elementor-top-section elementor-element elementor-element-6604473 elementor-section-boxed elementor-section-height-default elementor-section-height-default\" data-id=\"6604473\" data-element_type=\"section\">\n\t\t\t\t\t\t<div class=\"elementor-container elementor-column-gap-default\">\n\t\t\t\t\t<div class=\"elementor-column elementor-col-100 elementor-top-column elementor-element elementor-element-ee4f8f2\" data-id=\"ee4f8f2\" data-element_type=\"column\">\n\t\t\t<div class=\"elementor-widget-wrap elementor-element-populated\">\n\t\t\t\t\t\t\t\t<div class=\"elementor-element elementor-element-3077f98 elementor-widget elementor-widget-heading\" data-id=\"3077f98\" data-element_type=\"widget\" data-widget_type=\"heading.default\">\n\t\t\t\t<div class=\"elementor-widget-container\">\n\t\t\t<h2 class=\"elementor-heading-title elementor-size-default\">NOS PARTENAIRES<\/h2>\t\t<\/div>\n\t\t\t\t<\/div>\n\t\t\t\t<div class=\"elementor-element elementor-element-e972870 elementor-widget elementor-widget-image-carousel\" data-id=\"e972870\" data-element_type=\"widget\" data-settings=\"{&quot;navigation&quot;:&quot;none&quot;,&quot;autoplay&quot;:&quot;yes&quot;,&quot;pause_on_hover&quot;:&quot;yes&quot;,&quot;pause_on_interaction&quot;:&quot;yes&quot;,&quot;autoplay_speed&quot;:5000,&quot;infinite&quot;:&quot;yes&quot;,&quot;speed&quot;:500}\" data-widget_type=\"image-carousel.default\">\n\t\t\t\t<div class=\"elementor-widget-container\">\n\t\t\t\t\t<div class=\"elementor-image-carousel-wrapper swiper-container\" dir=\"ltr\">\n\t\t\t<div class=\"elementor-image-carousel swiper-wrapper\">\n\t\t\t\t\t\t\t\t<div class=\"swiper-slide\"><figure class=\"swiper-slide-inner\"><img class=\"swiper-slide-image\" src=\"https:\/\/www.speed-services-lausanne.ch\/wp-content\/uploads\/2021\/08\/Michelin-300x91.png\" alt=\"Michelin\" \/><\/figure><\/div><div class=\"swiper-slide\"><figure class=\"swiper-slide-inner\"><img class=\"swiper-slide-image\" src=\"https:\/\/www.speed-services-lausanne.ch\/wp-content\/uploads\/2021\/08\/Bridgestone-1-300x39.png\" alt=\"Bridgestone\" \/><\/figure><\/div><div class=\"swiper-slide\"><figure class=\"swiper-slide-inner\"><img class=\"swiper-slide-image\" src=\"https:\/\/www.speed-services-lausanne.ch\/wp-content\/uploads\/2021\/08\/Dunlop-1-300x123.png\" alt=\"Dunlop\" \/><\/figure><\/div><div class=\"swiper-slide\"><figure class=\"swiper-slide-inner\"><img class=\"swiper-slide-image\" src=\"https:\/\/www.speed-services-lausanne.ch\/wp-content\/uploads\/2021\/08\/Heidenau-300x41.png\" alt=\"Heidenau\" \/><\/figure><\/div><div class=\"swiper-slide\"><figure class=\"swiper-slide-inner\"><img class=\"swiper-slide-image\" src=\"https:\/\/www.speed-services-lausanne.ch\/wp-content\/uploads\/2021\/08\/Metzeler-300x300.png\" alt=\"Metzeler\" \/><\/figure><\/div><div class=\"swiper-slide\"><figure class=\"swiper-slide-inner\"><img class=\"swiper-slide-image\" src=\"https:\/\/www.speed-services-lausanne.ch\/wp-content\/uploads\/2021\/08\/Pirelli-300x67.png\" alt=\"Pirelli\" \/><\/figure><\/div><div class=\"swiper-slide\"><figure class=\"swiper-slide-inner\"><img class=\"swiper-slide-image\" src=\"https:\/\/www.speed-services-lausanne.ch\/wp-content\/uploads\/2021\/08\/Metzeler-1-300x61.png\" alt=\"Metzeler\" \/><\/figure><\/div><div class=\"swiper-slide\"><figure class=\"swiper-slide-inner\"><img class=\"swiper-slide-image\" src=\"https:\/\/www.speed-services-lausanne.ch\/wp-content\/uploads\/2021\/08\/Avon-300x52.png\" alt=\"Avon\" \/><\/figure><\/div><div class=\"swiper-slide\"><figure class=\"swiper-slide-inner\"><img class=\"swiper-slide-image\" src=\"https:\/\/www.speed-services-lausanne.ch\/wp-content\/uploads\/2021\/08\/castrol-logo-300x76.png\" alt=\"castrol-logo\" \/><\/figure><\/div><div class=\"swiper-slide\"><figure class=\"swiper-slide-inner\"><img class=\"swiper-slide-image\" src=\"https:\/\/www.speed-services-lausanne.ch\/wp-content\/uploads\/2021\/08\/champion-300x113.jpg\" alt=\"champion\" \/><\/figure><\/div><div class=\"swiper-slide\"><figure class=\"swiper-slide-inner\"><img class=\"swiper-slide-image\" src=\"https:\/\/www.speed-services-lausanne.ch\/wp-content\/uploads\/2021\/08\/hiflo-300x54.png\" alt=\"hiflo\" \/><\/figure><\/div><div class=\"swiper-slide\"><figure class=\"swiper-slide-inner\"><img class=\"swiper-slide-image\" src=\"https:\/\/www.speed-services-lausanne.ch\/wp-content\/uploads\/2021\/08\/franceequipement-300x225.png\" alt=\"franceequipement\" \/><\/figure><\/div><div class=\"swiper-slide\"><figure class=\"swiper-slide-inner\"><img class=\"swiper-slide-image\" src=\"https:\/\/www.speed-services-lausanne.ch\/wp-content\/uploads\/2021\/08\/clbrakes.png\" alt=\"clbrakes\" \/><\/figure><\/div><div class=\"swiper-slide\"><figure class=\"swiper-slide-inner\"><img class=\"swiper-slide-image\" src=\"https:\/\/www.speed-services-lausanne.ch\/wp-content\/uploads\/2021\/08\/motorex-300x200.png\" alt=\"motorex\" \/><\/figure><\/div><div class=\"swiper-slide\"><figure class=\"swiper-slide-inner\"><img class=\"swiper-slide-image\" src=\"https:\/\/www.speed-services-lausanne.ch\/wp-content\/uploads\/2021\/08\/ngk-300x150.png\" alt=\"ngk\" \/><\/figure><\/div>\t\t\t<\/div>\n\t\t\t\t\t\t\t\t\t\t\t\t\t\t\t\t<\/div>\n\t\t\t\t<\/div>\n\t\t\t\t<\/div>\n\t\t\t\t\t<\/div>\n\t\t<\/div>\n\t\t\t\t\t\t\t<\/div>\n\t\t<\/section>\n\t\t\t\t\t\t<\/div>\n\t\t\t\t\t<\/div>\n\t\t","protected":false},"excerpt":{"rendered":"<p>a propos apprenez en plus sur nous ! Speed services Speed-Services-Lausanne, ce sont des prestations excellentes et rapides, \u00e0 des tarifs raisonnables, fournies par des professionnels form\u00e9s, pour des motocycles de TOUTES MARQUES. Vous y trouvez \u00e9galement un shop, avec du mat\u00e9riel, des produits et des pi\u00e8ces\u00a0: pneus, kits complets pour ce qui a trait &hellip;<\/p>\n<p class=\"read-more\"> <a class=\"\" href=\"https:\/\/www.speed-services-lausanne.ch\/index.php\/a-propos\/\"> <span class=\"screen-reader-text\">A propos<\/span> Lire la suite\u00a0\u00bb<\/a><\/p>\n","protected":false},"author":1,"featured_media":0,"parent":0,"menu_order":0,"comment_status":"closed","ping_status":"closed","template":"","meta":[],"_links":{"self":[{"href":"https:\/\/www.speed-services-lausanne.ch\/index.php\/wp-json\/wp\/v2\/pages\/765"}],"collection":[{"href":"https:\/\/www.speed-services-lausanne.ch\/index.php\/wp-json\/wp\/v2\/pages"}],"about":[{"href":"https:\/\/www.speed-services-lausanne.ch\/index.php\/wp-json\/wp\/v2\/types\/page"}],"author":[{"embeddable":true,"href":"https:\/\/www.speed-services-lausanne.ch\/index.php\/wp-json\/wp\/v2\/users\/1"}],"replies":[{"embeddable":true,"href":"https:\/\/www.speed-services-lausanne.ch\/index.php\/wp-json\/wp\/v2\/comments?post=765"}],"version-history":[{"count":16,"href":"https:\/\/www.speed-services-lausanne.ch\/index.php\/wp-json\/wp\/v2\/pages\/765\/revisions"}],"predecessor-version":[{"id":983,"href":"https:\/\/www.speed-services-lausanne.ch\/index.php\/wp-json\/wp\/v2\/pages\/765\/revisions\/983"}],"wp:attachment":[{"href":"https:\/\/www.speed-services-lausanne.ch\/index.php\/wp-json\/wp\/v2\/media?parent=765"}],"curies":[{"name":"wp","href":"https:\/\/api.w.org\/{rel}","templated":true}]}}